{"id":15,"date":"2025-10-02T14:58:39","date_gmt":"2025-10-02T14:58:39","guid":{"rendered":"https:\/\/janhaglund.com\/?page_id=15"},"modified":"2025-12-18T17:36:26","modified_gmt":"2025-12-18T17:36:26","slug":"kirja","status":"publish","type":"page","link":"https:\/\/janhaglund.com\/?page_id=15","title":{"rendered":"Kraak &#8211; mit\u00e4 lie r\u00e4pik\u00f6inti\u00e4"},"content":{"rendered":"\n<div class=\"wp-block-media-text is-stacked-on-mobile is-vertically-aligned-center\" style=\"grid-template-columns:51% auto\"><figure class=\"wp-block-media-text__media\"><img loading=\"lazy\" decoding=\"async\" width=\"724\" height=\"1024\" src=\"https:\/\/janhaglund.com\/wp-content\/uploads\/2025\/10\/Kraak-juliste1-a3-1-724x1024.png\" alt=\"Jan Haglund\" class=\"wp-image-7 size-full\" srcset=\"https:\/\/janhaglund.com\/wp-content\/uploads\/2025\/10\/Kraak-juliste1-a3-1-724x1024.png 724w, https:\/\/janhaglund.com\/wp-content\/uploads\/2025\/10\/Kraak-juliste1-a3-1-212x300.png 212w, https:\/\/janhaglund.com\/wp-content\/uploads\/2025\/10\/Kraak-juliste1-a3-1-768x1087.png 768w, https:\/\/janhaglund.com\/wp-content\/uploads\/2025\/10\/Kraak-juliste1-a3-1-1086x1536.png 1086w, https:\/\/janhaglund.com\/wp-content\/uploads\/2025\/10\/Kraak-juliste1-a3-1-1448x2048.png 1448w, https:\/\/janhaglund.com\/wp-content\/uploads\/2025\/10\/Kraak-juliste1-a3-1.png 1753w\" sizes=\"auto, (max-width: 724px) 100vw, 724px\" \/><\/figure><div class=\"wp-block-media-text__content\">\n<p><strong>Kraak &#8211; mit\u00e4 lie r\u00e4pik\u00f6inti\u00e4 <\/strong>on tarina ajelehtimisesta, auki j\u00e4\u00e4neist\u00e4 ovista ja siit\u00e4, mit\u00e4 tapahtuu kun ei tapahdu oikein mit\u00e4\u00e4n. Kirja on humoristinen, haikea ja koskettava puheenvuoro niille, jotka eiv\u00e4t aina tied\u00e4 mihin ovat menossa &#8211; mutta jatkavat silti.<\/p>\n\n\n\n<p>Teos on &#8221;Yll\u00e4t\u00e4 meid\u00e4t 2024&#8221; -kilpailun voittaja. Planeetta 9 -kustantamon j\u00e4rjest\u00e4m\u00e4\u00e4n kirjoituskilpailuun l\u00e4hetettiin yli 280 k\u00e4sikirjoitusta.<\/p>\n<\/div><\/div>\n\n\n\n<p class=\"has-text-align-center\"><a href=\"https:\/\/nakoislehti.ilkkapohjalainen.fi\/d7cffcb4-89dc-4aae-84cf-2b4626b0bcc5\/4\" target=\"_blank\" rel=\"noreferrer noopener\">Lue juttu Vaasa-lehdest\u00e4<\/a><\/p>\n\n\n\n<p class=\"has-text-align-center\">Arviot:<\/p>\n\n\n\n<p class=\"has-text-align-center\"><a href=\"https:\/\/www.ilkkapohjalainen.fi\/arvio-ajelehtiva-mies-haluaa-irti-kaikesta-ja-kaik\/12374054\" target=\"_blank\" rel=\"noreferrer noopener\">Ilkka-Pohjalainen<\/a><\/p>\n\n\n\n<p class=\"has-text-align-center\"><a href=\"https:\/\/www.kirjamaa.fi\/41221-2\/\" data-type=\"link\" data-id=\"https:\/\/www.kirjamaa.fi\/41221-2\/\" target=\"_blank\" rel=\"noreferrer noopener\">Kirjamaa<\/a><\/p>\n\n\n\n<p class=\"has-text-align-center\"><a href=\"https:\/\/kirjarviot.blogspot.com\/2025\/11\/jan-haglund-kraak-mita-lie-rapikointia.html\" target=\"_blank\" rel=\"noreferrer noopener\">Arviot.net<\/a><\/p>\n\n\n\n<figure class=\"wp-block-embed aligncenter is-type-video is-provider-youtube wp-block-embed-youtube wp-embed-aspect-9-16 wp-has-aspect-ratio\"><div class=\"wp-block-embed__wrapper\">\n<iframe loading=\"lazy\" title=\"Jan Haglund \/ Kraak - mit\u00e4 lie r\u00e4pik\u00f6inti\u00e4\" width=\"563\" height=\"1000\" src=\"https:\/\/www.youtube.com\/embed\/iSYIJVA_crc?feature=oembed\" frameborder=\"0\" allow=\"accelerometer; autoplay; clipboard-write; encrypted-media; gyroscope; picture-in-picture; web-share\" referrerpolicy=\"strict-origin-when-cross-origin\" allowfullscreen><\/iframe>\n<\/div><figcaption class=\"wp-element-caption\">Kraak &#8211; mit\u00e4 lie r\u00e4pik\u00f6inti\u00e4 traileri<\/figcaption><\/figure>\n\n\n\n<figure class=\"wp-block-embed is-type-video is-provider-youtube wp-block-embed-youtube wp-embed-aspect-16-9 wp-has-aspect-ratio\"><div class=\"wp-block-embed__wrapper\">\n<iframe loading=\"lazy\" title=\"Jan Haglundin esikoisromaanin julkistamistilaisuus (Kraak \u2013 mit\u00e4 lie r\u00e4pik\u00f6inti\u00e4)\" width=\"750\" height=\"422\" src=\"https:\/\/www.youtube.com\/embed\/IxUrcpNYQsI?feature=oembed\" frameborder=\"0\" allow=\"accelerometer; autoplay; clipboard-write; encrypted-media; gyroscope; picture-in-picture; web-share\" referrerpolicy=\"strict-origin-when-cross-origin\" allowfullscreen><\/iframe>\n<\/div><\/figure>\n\n\n\n<details class=\"wp-block-details is-layout-flow wp-block-details-is-layout-flow\"><summary>Julkistamistilaisuus<\/summary>\n<p><\/p>\n<\/details>\n\n\n\n<p><\/p>\n","protected":false},"excerpt":{"rendered":"<p>Kraak &#8211; mit\u00e4 lie r\u00e4pik\u00f6inti\u00e4 on tarina ajelehtimisesta, auki j\u00e4\u00e4neist\u00e4 ovista ja siit\u00e4, mit\u00e4 tapahtuu kun ei tapahdu oikein mit\u00e4\u00e4n. Kirja on humoristinen, haikea ja koskettava puheenvuoro niille, jotka eiv\u00e4t aina tied\u00e4 mihin ovat menossa &#8211; mutta jatkavat silti. Teos on &#8221;Yll\u00e4t\u00e4 meid\u00e4t 2024&#8221; -kilpailun voittaja. Planeetta 9 -kustantamon j\u00e4rjest\u00e4m\u00e4\u00e4n kirjoituskilpailuun l\u00e4hetettiin yli 280 k\u00e4sikirjoitusta.&hellip; <a class=\"more-link\" href=\"https:\/\/janhaglund.com\/?page_id=15\">Jatka lukemista <span class=\"screen-reader-text\">Kraak &#8211; mit\u00e4 lie r\u00e4pik\u00f6inti\u00e4<\/span><\/a><\/p>\n","protected":false},"author":1,"featured_media":0,"parent":0,"menu_order":0,"comment_status":"closed","ping_status":"closed","template":"","meta":{"footnotes":""},"class_list":["post-15","page","type-page","status-publish","hentry","entry"],"_links":{"self":[{"href":"https:\/\/janhaglund.com\/index.php?rest_route=\/wp\/v2\/pages\/15","targetHints":{"allow":["GET"]}}],"collection":[{"href":"https:\/\/janhaglund.com\/index.php?rest_route=\/wp\/v2\/pages"}],"about":[{"href":"https:\/\/janhaglund.com\/index.php?rest_route=\/wp\/v2\/types\/page"}],"author":[{"embeddable":true,"href":"https:\/\/janhaglund.com\/index.php?rest_route=\/wp\/v2\/users\/1"}],"replies":[{"embeddable":true,"href":"https:\/\/janhaglund.com\/index.php?rest_route=%2Fwp%2Fv2%2Fcomments&post=15"}],"version-history":[{"count":16,"href":"https:\/\/janhaglund.com\/index.php?rest_route=\/wp\/v2\/pages\/15\/revisions"}],"predecessor-version":[{"id":164,"href":"https:\/\/janhaglund.com\/index.php?rest_route=\/wp\/v2\/pages\/15\/revisions\/164"}],"wp:attachment":[{"href":"https:\/\/janhaglund.com\/index.php?rest_route=%2Fwp%2Fv2%2Fmedia&parent=15"}],"curies":[{"name":"wp","href":"https:\/\/api.w.org\/{rel}","templated":true}]}}