{"id":16,"date":"2025-10-02T14:58:39","date_gmt":"2025-10-02T14:58:39","guid":{"rendered":"https:\/\/janhaglund.com\/?page_id=16"},"modified":"2025-12-18T15:36:19","modified_gmt":"2025-12-18T15:36:19","slug":"ota-yhteytta","status":"publish","type":"page","link":"https:\/\/janhaglund.com\/?page_id=16","title":{"rendered":"Ota yhteytt\u00e4 \/ Tilaa kirja"},"content":{"rendered":"\n<p class=\"has-text-align-center\">Jos haluat kirjan nimikirjoituksella, t\u00e4yt\u00e4 lomake painamalla &#8221;Tilaa kirja&#8221;- napista.<\/p>\n\n\n\n<div class=\"wp-block-buttons is-content-justification-center is-layout-flex wp-container-core-buttons-is-layout-16018d1d wp-block-buttons-is-layout-flex\">\n<div class=\"wp-block-button\"><a class=\"wp-block-button__link wp-element-button\" href=\"https:\/\/janhaglund.com\/?page_id=62\">Tilaa kirja<\/a><\/div>\n<\/div>\n\n\n\n<p class=\"has-text-align-center\">Kirjastotilauksissa ja suuremmissa tilauksissa olethan yhteydess\u00e4 kustantamoon: yhteys (a) planeetta9.com<\/p>\n\n\n\n<p class=\"has-text-align-center\">Kirja on tilattavissa kirjakauppoihin ja kotiin l\u00e4hes kaikista verkkokaupoista. Linkki muutamaan kirjakauppaan kustantamon sivuilla: <\/p>\n\n\n\n<figure class=\"wp-block-image size-large\"><a href=\"https:\/\/planeetta9.com\/kirjat\/kraak.html\" target=\"_blank\" rel=\" noreferrer noopener\"><img loading=\"lazy\" decoding=\"async\" width=\"1024\" height=\"239\" src=\"https:\/\/janhaglund.com\/wp-content\/uploads\/2025\/10\/planeetta-uusilogo-1-1024x239.jpg\" alt=\"\" class=\"wp-image-69\" srcset=\"https:\/\/janhaglund.com\/wp-content\/uploads\/2025\/10\/planeetta-uusilogo-1-1024x239.jpg 1024w, https:\/\/janhaglund.com\/wp-content\/uploads\/2025\/10\/planeetta-uusilogo-1-300x70.jpg 300w, https:\/\/janhaglund.com\/wp-content\/uploads\/2025\/10\/planeetta-uusilogo-1-768x179.jpg 768w, https:\/\/janhaglund.com\/wp-content\/uploads\/2025\/10\/planeetta-uusilogo-1-1536x359.jpg 1536w, https:\/\/janhaglund.com\/wp-content\/uploads\/2025\/10\/planeetta-uusilogo-1-2048x479.jpg 2048w, https:\/\/janhaglund.com\/wp-content\/uploads\/2025\/10\/planeetta-uusilogo-1-1568x366.jpg 1568w\" sizes=\"auto, (max-width: 1024px) 100vw, 1024px\" \/><\/a><\/figure>\n\n\n\n<p class=\"has-text-align-center\">Haluatko minut kirjailijavierailulle? Se onnistuu Lukukeskuksen kautta:<\/p>\n\n\n\n<figure class=\"wp-block-image size-full\"><a href=\"https:\/\/kirjailijavierailut.lukukeskus.fi\/kirjailijat\/haglund-jan\/\" target=\"_blank\" rel=\" noreferrer noopener\"><img loading=\"lazy\" decoding=\"async\" width=\"209\" height=\"125\" src=\"https:\/\/janhaglund.com\/wp-content\/uploads\/2025\/12\/lukukeskusken-logo-rgb-4.png\" alt=\"\" class=\"wp-image-155\"\/><\/a><\/figure>\n\n\n\n<p>Muissa tapauksissa voit olla yhteydess\u00e4 seuraavan lomakkeen kautta:<\/p>\n\n\n\n<div class=\"wp-block-buttons is-content-justification-center is-layout-flex wp-container-core-buttons-is-layout-16018d1d wp-block-buttons-is-layout-flex\">\n<div class=\"wp-block-button\"><a class=\"wp-block-button__link wp-element-button\" href=\"https:\/\/janhaglund.com\/?page_id=79\">Ota yhteytt\u00e4<\/a><\/div>\n<\/div>\n","protected":false},"excerpt":{"rendered":"<p>Jos haluat kirjan nimikirjoituksella, t\u00e4yt\u00e4 lomake painamalla &#8221;Tilaa kirja&#8221;- napista. Kirjastotilauksissa ja suuremmissa tilauksissa olethan yhteydess\u00e4 kustantamoon: yhteys (a) planeetta9.com Kirja on tilattavissa kirjakauppoihin ja kotiin l\u00e4hes kaikista verkkokaupoista. Linkki muutamaan kirjakauppaan kustantamon sivuilla: Haluatko minut kirjailijavierailulle? Se onnistuu Lukukeskuksen kautta: Muissa tapauksissa voit olla yhteydess\u00e4 seuraavan lomakkeen kautta:<\/p>\n","protected":false},"author":1,"featured_media":0,"parent":0,"menu_order":0,"comment_status":"closed","ping_status":"closed","template":"","meta":{"footnotes":""},"class_list":["post-16","page","type-page","status-publish","hentry","entry"],"_links":{"self":[{"href":"https:\/\/janhaglund.com\/index.php?rest_route=\/wp\/v2\/pages\/16","targetHints":{"allow":["GET"]}}],"collection":[{"href":"https:\/\/janhaglund.com\/index.php?rest_route=\/wp\/v2\/pages"}],"about":[{"href":"https:\/\/janhaglund.com\/index.php?rest_route=\/wp\/v2\/types\/page"}],"author":[{"embeddable":true,"href":"https:\/\/janhaglund.com\/index.php?rest_route=\/wp\/v2\/users\/1"}],"replies":[{"embeddable":true,"href":"https:\/\/janhaglund.com\/index.php?rest_route=%2Fwp%2Fv2%2Fcomments&post=16"}],"version-history":[{"count":17,"href":"https:\/\/janhaglund.com\/index.php?rest_route=\/wp\/v2\/pages\/16\/revisions"}],"predecessor-version":[{"id":180,"href":"https:\/\/janhaglund.com\/index.php?rest_route=\/wp\/v2\/pages\/16\/revisions\/180"}],"wp:attachment":[{"href":"https:\/\/janhaglund.com\/index.php?rest_route=%2Fwp%2Fv2%2Fmedia&parent=16"}],"curies":[{"name":"wp","href":"https:\/\/api.w.org\/{rel}","templated":true}]}}